{"id":885,"date":"2022-11-05T13:09:49","date_gmt":"2022-11-05T16:09:49","guid":{"rendered":"http:\/\/www.sauro.com.uy\/?page_id=885"},"modified":"2022-11-05T13:46:54","modified_gmt":"2022-11-05T16:46:54","slug":"yoayu","status":"publish","type":"page","link":"https:\/\/www.sauro.com.uy\/es\/yoayu\/","title":{"rendered":"Yoayu"},"content":{"rendered":"<p><\/p>\n<h2>Historia<\/h2>\n<p><img decoding=\"async\" loading=\"lazy\" class=\"alignright wp-image-134 size-medium\" src=\"\/wp-content\/uploads\/2022\/11\/yoayu-logo.jpg\" alt=\"logos\" width=\"136\" height=\"67\" \/>La empresa, fundada en 1996, ofrece actualmente al mercado una amplia gama de productos cer\u00e1micos para el sector de la construcci\u00f3n fabricados con un proceso de producci\u00f3n que utiliza la tecnolog\u00eda m\u00e1s avanzada con horno t\u00fanel, controles al 100% de la fabricaci\u00f3n l\u00ednea productiva, lo que nos permite obtener una producci\u00f3n totalmente homog\u00e9nea tanto en forma como en color.<\/p>\n<p>Las particularidades de la empresa se pueden resumir con \u00e9stas caracter\u00edsticas por las que YOAYU S.A. marca la diferencia.<\/p>\n<p>La cocci\u00f3n realizada otorga mayor resistencia del producto, motivo por el cual otorga un menor \u00edndice de impermeabilidad.<\/p>\n<p>El horno con temperatura controlada que garantiza una mayor uniformidad en los colores y una mayor homogeneidad en los productos.<\/p>\n<p>Su amplia tecnolog\u00eda permite mayor precisi\u00f3n en la producci\u00f3n disminuyendo de esta manera la manipulaci\u00f3n de los materiales, evitando al m\u00e1ximo productos defectuosos.<\/p>\n<p>La mejora continua de nuestros productos tanto en dise\u00f1o como en calidad.<\/p>\n<p>Es de nuestro inter\u00e9s otorgar a nuestros clientes la plena satisfacci\u00f3n de sus necesidades.<\/p>","protected":false},"excerpt":{"rendered":"<p>Historia La empresa, fundada en 1996, ofrece actualmente al mercado una amplia gama de productos cer\u00e1micos para el sector de la construcci\u00f3n fabricados con un proceso de producci\u00f3n que utiliza la tecnolog\u00eda m\u00e1s avanzada con horno t\u00fanel, controles al 100% de la fabricaci\u00f3n l\u00ednea productiva, lo que nos permite obtener una producci\u00f3n totalmente homog\u00e9nea tanto [&hellip;]<\/p>\n","protected":false},"author":5,"featured_media":0,"parent":0,"menu_order":0,"comment_status":"closed","ping_status":"closed","template":"","meta":[],"_links":{"self":[{"href":"https:\/\/www.sauro.com.uy\/es\/wp-json\/wp\/v2\/pages\/885"}],"collection":[{"href":"https:\/\/www.sauro.com.uy\/es\/wp-json\/wp\/v2\/pages"}],"about":[{"href":"https:\/\/www.sauro.com.uy\/es\/wp-json\/wp\/v2\/types\/page"}],"author":[{"embeddable":true,"href":"https:\/\/www.sauro.com.uy\/es\/wp-json\/wp\/v2\/users\/5"}],"replies":[{"embeddable":true,"href":"https:\/\/www.sauro.com.uy\/es\/wp-json\/wp\/v2\/comments?post=885"}],"version-history":[{"count":4,"href":"https:\/\/www.sauro.com.uy\/es\/wp-json\/wp\/v2\/pages\/885\/revisions"}],"predecessor-version":[{"id":913,"href":"https:\/\/www.sauro.com.uy\/es\/wp-json\/wp\/v2\/pages\/885\/revisions\/913"}],"wp:attachment":[{"href":"https:\/\/www.sauro.com.uy\/es\/wp-json\/wp\/v2\/media?parent=885"}],"curies":[{"name":"wp","href":"https:\/\/api.w.org\/{rel}","templated":true}]}}