{"id":715,"date":"2015-10-01T00:28:11","date_gmt":"2015-10-01T03:28:11","guid":{"rendered":"http:\/\/www.sauro.com.uy\/?page_id=715"},"modified":"2015-10-01T00:28:11","modified_gmt":"2015-10-01T03:28:11","slug":"darogral","status":"publish","type":"page","link":"https:\/\/www.sauro.com.uy\/es\/darogral\/","title":{"rendered":"Darogral"},"content":{"rendered":"<p><\/p>\n<h2>Historia<\/h2>\n<p><img decoding=\"async\" src=\"\/wp-content\/uploads\/2015\/10\/darogral-logo.gif\" alt=\"darogral-logo\" width=\"200\" class=\"alignright size-full wp-image-718\" \/>DAROGRAL S.A es una empresa joven en el rubro que ha crecido r\u00e1pidamente en el mercado nacional. Logr\u00f3 posicionarse como una de las empresas referentes en el rubro, manteniendo una l\u00ednea de conducta y una pol\u00edtica de cumplimiento absoluto con sus clientes, proveedores y entidades financieras.<br \/>\nLa firma est\u00e1 ubicada en San Carlos, pero sus servicios se extienden por todo el territorio nacional<br \/>\nProcuramos constantemente el crecimiento y fortalecimiento en el mercado, aprendiendo con cada cliente, con la m\u00e1xima dedicaci\u00f3n y profesionalidad.<\/p>\n<h3>Visi\u00f3n<\/h3>\n<ul>\n<li>Ser una empresa confiable para nuestros clientes, brindando seguridad y tranquilidad para sus trabajos.<\/li>\n<\/ul>\n<h3>Misi\u00f3n<\/h3>\n<ul>\n<li>Trabajar con excelentes materiales, asegurando una \u00f3ptima calidad de nuestros productos y fundamentalmente seguridad para nuestros clientes.<\/li>\n<li>Constante capacitaci\u00f3n de nuestro personal, tanto administrativo como operativo.<\/li>\n<li>Trabajar en condiciones que brinden un ambiente seguro, arm\u00f3nico, estable y confiable.<\/li>\n<li>Lograr relaciones cordiales con todos nuestros clientes y proveedores para poder brindar un mejor servicio.<\/li>\n<li>Estar atentos para adaptarnos a los cambios y necesidades del mercado.<\/li>\n<li>Trabajar teniendo en cuenta el medio ambiente para lograr condiciones de salud y seguridad para nuestro personal, clientes y la comunidad en general.<\/li>\n<li>Revisar constantemente las operaciones para asegurar el cumplimiento y mejora de la seguridad.<\/li>\n<\/ul>\n<h3>Medio Ambiente<\/h3>\n<p>Nos esforzamos en que nuestra actividad sea compatible con el equilibrio de las necesidades econ\u00f3micas y medioambientales de las comunidades en las que operamos, para lo cual apuntamos a:<\/p>\n<ul>\n<li>Realizar nuestra actividad teniendo en cuenta la prevenci\u00f3n de accidentes.<\/li>\n<li>Responder en forma r\u00e1pida y cuidadosa ante incidentes que pudieran producirse en el transcurso de nuestras operaciones.<\/li>\n<li>Revisar constantemente las operaciones para asegurar el cumplimiento de esta pol\u00edtica medioambiental.<\/li>\n<\/ul>\n<h3>Calidad<\/h3>\n<ul>\n<li>El objetivo de DAROGRAL S.A. es lograr la mejora continua de nuestra capacidad de gesti\u00f3n, asegurando nuestro compromiso de brindar calidad a nuestros clientes, seguridad y el cuidado del Medio Ambiente.<\/li>\n<li>Nuestros clientes necesitan productos que satisfagan sus necesidades y expectativas. Teniendo en cuenta que estas son cambiantes y considerando la competitividad y los avances tecnol\u00f3gicos, trabajamos continuamente en mejorar nuestras prestaciones.<\/li>\n<\/ul>\n<p><img decoding=\"async\" src=\"\/wp-content\/uploads\/2015\/10\/darogral-productos.jpg\" alt=\"darogral-productos\" width=\"100%\" class=\"aligncenter size-full wp-image-717\" style=\"margin-top: 20px;\" srcset=\"https:\/\/www.sauro.com.uy\/wp-content\/uploads\/2015\/10\/darogral-productos.jpg 1920w, https:\/\/www.sauro.com.uy\/wp-content\/uploads\/2015\/10\/darogral-productos-300x137.jpg 300w, https:\/\/www.sauro.com.uy\/wp-content\/uploads\/2015\/10\/darogral-productos-1024x467.jpg 1024w\" sizes=\"(max-width: 1920px) 100vw, 1920px\" \/><\/p>","protected":false},"excerpt":{"rendered":"<p>Historia DAROGRAL S.A es una empresa joven en el rubro que ha crecido r\u00e1pidamente en el mercado nacional. Logr\u00f3 posicionarse como una de las empresas referentes en el rubro, manteniendo una l\u00ednea de conducta y una pol\u00edtica de cumplimiento absoluto con sus clientes, proveedores y entidades financieras. La firma est\u00e1 ubicada en San Carlos, pero [&hellip;]<\/p>\n","protected":false},"author":4,"featured_media":0,"parent":0,"menu_order":0,"comment_status":"closed","ping_status":"closed","template":"","meta":[],"_links":{"self":[{"href":"https:\/\/www.sauro.com.uy\/es\/wp-json\/wp\/v2\/pages\/715"}],"collection":[{"href":"https:\/\/www.sauro.com.uy\/es\/wp-json\/wp\/v2\/pages"}],"about":[{"href":"https:\/\/www.sauro.com.uy\/es\/wp-json\/wp\/v2\/types\/page"}],"author":[{"embeddable":true,"href":"https:\/\/www.sauro.com.uy\/es\/wp-json\/wp\/v2\/users\/4"}],"replies":[{"embeddable":true,"href":"https:\/\/www.sauro.com.uy\/es\/wp-json\/wp\/v2\/comments?post=715"}],"version-history":[{"count":3,"href":"https:\/\/www.sauro.com.uy\/es\/wp-json\/wp\/v2\/pages\/715\/revisions"}],"predecessor-version":[{"id":720,"href":"https:\/\/www.sauro.com.uy\/es\/wp-json\/wp\/v2\/pages\/715\/revisions\/720"}],"wp:attachment":[{"href":"https:\/\/www.sauro.com.uy\/es\/wp-json\/wp\/v2\/media?parent=715"}],"curies":[{"name":"wp","href":"https:\/\/api.w.org\/{rel}","templated":true}]}}