{"id":523,"date":"2015-07-06T14:47:13","date_gmt":"2015-07-06T20:47:13","guid":{"rendered":"http:\/\/tmp.heroespoint.com\/?page_id=159"},"modified":"2015-08-25T16:13:55","modified_gmt":"2015-08-25T19:13:55","slug":"guido","status":"publish","type":"page","link":"https:\/\/www.sauro.com.uy\/es\/guido\/","title":{"rendered":"Guido"},"content":{"rendered":"<p><\/p>\n<h2>Historia<\/h2>\n<p><img decoding=\"async\" loading=\"lazy\" class=\"alignright size-full wp-image-160\" src=\"\/wp-content\/uploads\/2015\/07\/guido-logo.png\" alt=\"guido-logo\" width=\"280\" height=\"149\" \/>Olaria Guido Einhardt act\u00faa en el mecado de la regi\u00f3n sur desde 1973, poseyendo hoy un moderno parque industrial.<\/p>\n<p>En 1990 comenz\u00f3 a exportar productos en el MERCOSUR, principalmente en Uruguay y Argentina, para los cuales fueron producidas piezas con un dise\u00f1o exclusivo, adaptadas a las pr\u00e1cticas constructivas de esos pa\u00edses.<\/p>\n<p>Olaria Guido es una industria moderna, poseyendo equipamientos de \u00faltima generaci\u00f3n, garantizando a los compradores productos de extraordinaria calidad.<\/p>\n<p>Adem\u00e1s de poseer un sistema de extrudado al vac\u00edo y un sistema artifical de secado, adquiri\u00f3 en 1996 un horno t\u00fanel, en el cual la piezas van gradualmente aumentando de temperatura, hasta alcanzar los 900 grados cent\u00edgrados.<\/p>\n<p><img decoding=\"async\" class=\"alignnone size-full wp-image-161\" src=\"\/wp-content\/uploads\/2012\/11\/guido-planta.jpg\" alt=\"guido-planta\" width=\"100%\" style=\"margin-top: 20px;\" \/><\/p>","protected":false},"excerpt":{"rendered":"<p>Historia Olaria Guido Einhardt act\u00faa en el mecado de la regi\u00f3n sur desde 1973, poseyendo hoy un moderno parque industrial. En 1990 comenz\u00f3 a exportar productos en el MERCOSUR, principalmente en Uruguay y Argentina, para los cuales fueron producidas piezas con un dise\u00f1o exclusivo, adaptadas a las pr\u00e1cticas constructivas de esos pa\u00edses. Olaria Guido es [&hellip;]<\/p>\n","protected":false},"author":4,"featured_media":0,"parent":0,"menu_order":0,"comment_status":"open","ping_status":"closed","template":"","meta":[],"_links":{"self":[{"href":"https:\/\/www.sauro.com.uy\/es\/wp-json\/wp\/v2\/pages\/523"}],"collection":[{"href":"https:\/\/www.sauro.com.uy\/es\/wp-json\/wp\/v2\/pages"}],"about":[{"href":"https:\/\/www.sauro.com.uy\/es\/wp-json\/wp\/v2\/types\/page"}],"author":[{"embeddable":true,"href":"https:\/\/www.sauro.com.uy\/es\/wp-json\/wp\/v2\/users\/4"}],"replies":[{"embeddable":true,"href":"https:\/\/www.sauro.com.uy\/es\/wp-json\/wp\/v2\/comments?post=523"}],"version-history":[{"count":5,"href":"https:\/\/www.sauro.com.uy\/es\/wp-json\/wp\/v2\/pages\/523\/revisions"}],"predecessor-version":[{"id":624,"href":"https:\/\/www.sauro.com.uy\/es\/wp-json\/wp\/v2\/pages\/523\/revisions\/624"}],"wp:attachment":[{"href":"https:\/\/www.sauro.com.uy\/es\/wp-json\/wp\/v2\/media?parent=523"}],"curies":[{"name":"wp","href":"https:\/\/api.w.org\/{rel}","templated":true}]}}