{"id":521,"date":"2015-08-09T14:11:57","date_gmt":"2015-08-09T20:11:57","guid":{"rendered":"http:\/\/tmp.heroespoint.com\/?page_id=133"},"modified":"2022-11-05T13:47:10","modified_gmt":"2022-11-05T16:47:10","slug":"irene","status":"publish","type":"page","link":"https:\/\/www.sauro.com.uy\/es\/irene\/","title":{"rendered":"Irene"},"content":{"rendered":"<p><\/p>\n<h2>Historia<\/h2>\n<p><img decoding=\"async\" loading=\"lazy\" class=\"alignright wp-image-134 size-medium\" src=\"\/wp-content\/uploads\/2022\/11\/irene-logos.jpg\" alt=\"logos\" width=\"202\" height=\"53\" \/>Cer\u00e1mica Irene Industrial y Comercial S.A., es una empresa familiar, fundada en el a\u00f1o 1976 en un sitio denominado Chaco\u2019\u00ed, a 20 Km. de la ciudad de Asunci\u00f3n.<\/p>\n<p>La industria se dedica a la fabricaci\u00f3n de materiales de cer\u00e1mica roja para la construcci\u00f3n.<\/p>\n<p>La utilizaci\u00f3n de una excelente materia prima y la tecnolog\u00eda aplicada a la fabricaci\u00f3n de todos los productos, convierten a IRENE INDUSTRIAL. y COMERCIAL. S.A. en la empresa l\u00edder dentro del rubro cer\u00e1mico del pa\u00eds.<\/p>\n<p>Se ha desarrollado con tecnolog\u00eda de punta que proporciona una maxima calidad de sus productos, su trabajo va siempre de la mano de la m\u00e1s completa innovaci\u00f3n, con perspectiva de futuro en una continua mejora de los productos y al servicio del cliente.<\/p>\n<p>En 1.991 la industria realiz\u00f3 la instalaci\u00f3n del horno tunel de temperatura controlada con pir\u00f3metros y la utilizaci\u00f3n de aserr\u00edn como combustible de hornos, fue la empresa pionera en la instalaci\u00f3n de este tipo de horno en el pa\u00eds, contribuyendo de este modo con la preservaci\u00f3n del medio ambiente.<\/p>\n<p>Actualmente cubrimos todo el pa\u00eds por medio de nuestros distribuidores autorizados, adem\u00e1s de otros mercados como Argentina, Uruguay y otros, ampliando progresivamente nuestras relaciones comerciales.<\/p>\n<p>En Cer\u00e1mica IRENE S.A. siempre nos hemos marcado un irrenunciable compromiso de maxima calidad en todos los aspectos. As\u00ed y de acuerdo con esa filosof\u00eda, realizamos estrictos controles internos de calidad, en cuanto a la selecci\u00f3n de materias primas, producci\u00f3n, expedici\u00f3n, comprobaciones \u201d in situ \u201d (sobre las condiciones de llegada de nuestros productos).<\/p>\n<p>La orientaci\u00f3n de la empresa hacia sus clientes y la plena satisfacci\u00f3n de sus necesidades, han logrado que nuestros productos gocen de un alto prestigio y reconocimiento entre los colectivos ligados a los materiales de construcci\u00f3n.<\/p>\n<p><img decoding=\"async\" class=\"alignnone size-fullwp-image-135\" style=\"margin-top: 20px;\" src=\"\/wp-content\/uploads\/2015\/08\/irene-fabrica.jpg\" alt=\"fabrica\" width=\"100%\" \/><\/p>\n<h3>CERAMICA YTA YVY S.A. \u2013 ENSE\u00d1A TU MEJOR CARA<\/h3>\n<p>Fue fundada en el a\u00f1o 1.999 en Chaco\u2019\u00ed \u2013 Paraguay, bajo el nombre de CER\u00e1MICA ITA YVY S.A.<\/p>\n<p>La empresa fue creada para la fabricaci\u00f3n exclusiva de Bloques Cer\u00e1micos conocidos hoy por su calidad.<\/p>\n<p>Posteriormente la producci\u00f3n fue variando, adem\u00e1s de fabricar bloques Cer\u00e1micos aplio su gama con ladrillos caras vistas.<\/p>\n<p>YTA YVY S.A. es una empresa joven que, con las m\u00e1s alta tecnolog\u00eda en el proceso de fabricaci\u00f3n, la excelente materia prima y un equipo de profesionales altamente cualificados, otorgan a nuestro producto gran resistencia, rapidez de colocaci\u00f3n y un costo econ\u00f3mico capaces de cubrir las expectativas m\u00e1s exigentes.<\/p>\n<p>Nuestro principal objetivo es la mejora continua de nuestros productos tanto dise\u00f1o como en calidad.<\/p>","protected":false},"excerpt":{"rendered":"<p>Historia Cer\u00e1mica Irene Industrial y Comercial S.A., es una empresa familiar, fundada en el a\u00f1o 1976 en un sitio denominado Chaco\u2019\u00ed, a 20 Km. de la ciudad de Asunci\u00f3n. La industria se dedica a la fabricaci\u00f3n de materiales de cer\u00e1mica roja para la construcci\u00f3n. La utilizaci\u00f3n de una excelente materia prima y la tecnolog\u00eda aplicada [&hellip;]<\/p>\n","protected":false},"author":4,"featured_media":0,"parent":0,"menu_order":0,"comment_status":"open","ping_status":"closed","template":"","meta":[],"_links":{"self":[{"href":"https:\/\/www.sauro.com.uy\/es\/wp-json\/wp\/v2\/pages\/521"}],"collection":[{"href":"https:\/\/www.sauro.com.uy\/es\/wp-json\/wp\/v2\/pages"}],"about":[{"href":"https:\/\/www.sauro.com.uy\/es\/wp-json\/wp\/v2\/types\/page"}],"author":[{"embeddable":true,"href":"https:\/\/www.sauro.com.uy\/es\/wp-json\/wp\/v2\/users\/4"}],"replies":[{"embeddable":true,"href":"https:\/\/www.sauro.com.uy\/es\/wp-json\/wp\/v2\/comments?post=521"}],"version-history":[{"count":3,"href":"https:\/\/www.sauro.com.uy\/es\/wp-json\/wp\/v2\/pages\/521\/revisions"}],"predecessor-version":[{"id":914,"href":"https:\/\/www.sauro.com.uy\/es\/wp-json\/wp\/v2\/pages\/521\/revisions\/914"}],"wp:attachment":[{"href":"https:\/\/www.sauro.com.uy\/es\/wp-json\/wp\/v2\/media?parent=521"}],"curies":[{"name":"wp","href":"https:\/\/api.w.org\/{rel}","templated":true}]}}