{"id":520,"date":"2015-08-09T14:12:23","date_gmt":"2015-08-09T17:12:23","guid":{"rendered":"http:\/\/tmp.heroespoint.com\/?page_id=131"},"modified":"2025-05-10T17:30:38","modified_gmt":"2025-05-10T20:30:38","slug":"technical-information","status":"publish","type":"page","link":"https:\/\/www.sauro.com.uy\/es\/cerabol\/technical-information\/","title":{"rendered":"Informaci\u00f3n t\u00e9cnica"},"content":{"rendered":"<p><\/p>\n<h2>Caracter\u00edsticas del semi-gres<\/h2>\n<p><a href=\"http:\/\/www.sauro.com.uy\/wp-content\/uploads\/2025\/05\/Ficha-Tecnica-Semi-Gresl-43x43-1.pdf\" target=\"_blank\" rel=\"noopener\">Descargar Ficha T\u00e9cnica<\/a><\/p>\n<p>Formato 43 x 43<\/p>\n<table class=\"info-table\">\n<thead><\/thead>\n<tbody>\n<tr>\n<td>Tolerancia Dimensional<\/td>\n<td>\u00b1 0,3%<\/td>\n<\/tr>\n<tr>\n<td>Absorci\u00f3n de Agua<\/td>\n<td>&lt; 3,5%<\/td>\n<\/tr>\n<tr>\n<td>Resistencia a Ruptura en N<\/td>\n<td>1037,63 N<\/td>\n<\/tr>\n<tr>\n<td>Resistencia a Manchas<\/td>\n<td>CLASE UA<\/td>\n<\/tr>\n<tr>\n<td>Resistencia al Rayado<\/td>\n<td>7 Mohs<\/td>\n<\/tr>\n<tr>\n<td>m\u00b2 por Caja<\/td>\n<td>2,4 m\u00b2<\/td>\n<\/tr>\n<tr>\n<td>Piezas por Caja<\/td>\n<td>13<\/td>\n<\/tr>\n<tr>\n<td>Peso por Caja<\/td>\n<td>38 kg<\/td>\n<\/tr>\n<\/tbody>\n<\/table>\n<h2>Limpieza<\/h2>\n<p>Si durante el colocado, no se realiz\u00f3 una correcta limpieza y quedaron manchas blancuzcas de cemento en la superficie del semi-gres. En este caso, lo indicado seria esperar como m\u00ednimo 5 d\u00edas para que las sales del pegamento salgan por completo a la superficie y luego proceder a la limpieza, para ello recomendamos mezclar 1 litro de \u00e1cido n\u00edtrico con 3 litros de agua y luego ba\u00f1ar la superficie con este preparado, esta soluci\u00f3n cubre aproximadamente 20 m\u00b2 (utilizar guantes y botas). Dejar actuar la mezcla por un tiempo de 30 minutos y luego enjuagar con abundante agua y trapear. Se puede repetir este procedimiento con intervalos de 3 d\u00edas hasta que desaparezcan totalmente las manchas blancuzcas. Una vez quede la superficie limpia se puede aplicar cera incolora.<\/p>\n<p>No se recomienda el uso de ocre, cera con color, ni di\u00e9sel, estos productos manchan la cer\u00e1mica.<\/p>\n<h2>Instruciones de colocaci\u00f3n<\/h2>\n<ol>\n<li>Se aconseja para el asentamiento el uso de pegamento, este material propicia un trabajo m\u00e1s limpio, garantiza una superficie lisa y ayuda a la impermeabilizaci\u00f3n de la pieza cer\u00e1mica. En caso de utilizar arena y portland se recomienda remojar en agua m\u00ednimo 12 horas antes de la colocaci\u00f3n de las baldosas, para contribuir al buen fraguado o adherencia entre la pieza y el pegamento. En ambos casos, dejar una junta de dilataci\u00f3n m\u00ednima de 3mm, esta peque\u00f1a separaci\u00f3n permite que a trav\u00e9s de ella los movimientos de contracci\u00f3n y dilataci\u00f3n que sufre el contrapiso no afecten a la cer\u00e1mica (ruptura o levantamiento). No se debe utilizar mezcla ni ning\u00fan pegamento que contenga cal.<\/li>\n<li>Asentar el piso con llana dentada para evitar diferencias de altura entre baldosas.<\/li>\n<li>Para evitar la adherencia del cemento a la pieza (manchas blancuzcas) se recomienda que a cada 16 m\u00b2 de piso colocado se proceda al rejunte o lechado e inmediatamente se limpie el exceso de material utilizando pa\u00f1os limpios.<\/li>\n<\/ol>\n<h2>Reservar piezas para futuras reposiciones<\/h2>\n<p>Se sugiere en toda compra, prever para reserva, una cierta cantidad de m\u00b2, que ser\u00e1n muy \u00fatiles para futuras reposiciones (reformas, problemas de ca\u00f1er\u00edas, etc.), debido a que los tonos de una producci\u00f3n a otra \u2013 por diversos factores \u2013 tienden a sufrir variaciones.<\/p>","protected":false},"excerpt":{"rendered":"<p>Caracter\u00edsticas del semi-gres Descargar Ficha T\u00e9cnica Formato 43 x 43 Tolerancia Dimensional \u00b1 0,3% Absorci\u00f3n de Agua &lt; 3,5% Resistencia a Ruptura en N 1037,63 N Resistencia a Manchas CLASE UA Resistencia al Rayado 7 Mohs m\u00b2 por Caja 2,4 m\u00b2 Piezas por Caja 13 Peso por Caja 38 kg Limpieza Si durante el colocado, [&hellip;]<\/p>\n","protected":false},"author":4,"featured_media":0,"parent":518,"menu_order":0,"comment_status":"open","ping_status":"closed","template":"","meta":[],"_links":{"self":[{"href":"https:\/\/www.sauro.com.uy\/es\/wp-json\/wp\/v2\/pages\/520"}],"collection":[{"href":"https:\/\/www.sauro.com.uy\/es\/wp-json\/wp\/v2\/pages"}],"about":[{"href":"https:\/\/www.sauro.com.uy\/es\/wp-json\/wp\/v2\/types\/page"}],"author":[{"embeddable":true,"href":"https:\/\/www.sauro.com.uy\/es\/wp-json\/wp\/v2\/users\/4"}],"replies":[{"embeddable":true,"href":"https:\/\/www.sauro.com.uy\/es\/wp-json\/wp\/v2\/comments?post=520"}],"version-history":[{"count":6,"href":"https:\/\/www.sauro.com.uy\/es\/wp-json\/wp\/v2\/pages\/520\/revisions"}],"predecessor-version":[{"id":949,"href":"https:\/\/www.sauro.com.uy\/es\/wp-json\/wp\/v2\/pages\/520\/revisions\/949"}],"up":[{"embeddable":true,"href":"https:\/\/www.sauro.com.uy\/es\/wp-json\/wp\/v2\/pages\/518"}],"wp:attachment":[{"href":"https:\/\/www.sauro.com.uy\/es\/wp-json\/wp\/v2\/media?parent=520"}],"curies":[{"name":"wp","href":"https:\/\/api.w.org\/{rel}","templated":true}]}}