{"id":519,"date":"2015-08-09T14:12:22","date_gmt":"2015-08-09T17:12:22","guid":{"rendered":"http:\/\/tmp.heroespoint.com\/?page_id=126"},"modified":"2025-05-10T16:04:04","modified_gmt":"2025-05-10T19:04:04","slug":"products","status":"publish","type":"page","link":"https:\/\/www.sauro.com.uy\/es\/cerabol\/products\/","title":{"rendered":"Productos"},"content":{"rendered":"<p><img decoding=\"async\" loading=\"lazy\" class=\"alignright size-full wp-image-127\" src=\"\/wp-content\/uploads\/2015\/08\/40anos.png\" alt=\"40anos\" width=\"143\" height=\"143\" \/><\/p>\n<p>Semi-gres.<\/p>\n<p>&nbsp;<\/p>\n<p>&nbsp;<\/p>\n<h2>Aplicaciones<img decoding=\"async\" loading=\"lazy\" class=\"alignright wp-image-941\" src=\"http:\/\/www.sauro.com.uy\/wp-content\/uploads\/2025\/05\/rojo-30x30-exterior-300x300.png\" alt=\"\" width=\"450\" height=\"450\" srcset=\"https:\/\/www.sauro.com.uy\/wp-content\/uploads\/2025\/05\/rojo-30x30-exterior-300x300.png 300w, https:\/\/www.sauro.com.uy\/wp-content\/uploads\/2025\/05\/rojo-30x30-exterior-150x150.png 150w, https:\/\/www.sauro.com.uy\/wp-content\/uploads\/2025\/05\/rojo-30x30-exterior-768x768.png 768w, https:\/\/www.sauro.com.uy\/wp-content\/uploads\/2025\/05\/rojo-30x30-exterior-184x184.png 184w, https:\/\/www.sauro.com.uy\/wp-content\/uploads\/2025\/05\/rojo-30x30-exterior.png 800w\" sizes=\"(max-width: 450px) 100vw, 450px\" \/><\/h2>\n<p>En pisos internos y externos para uso dom\u00e9stico y comercial como:<\/p>\n<ul>\n<li>Patios<\/li>\n<li>Barbacoas<\/li>\n<li>Casas en general<\/li>\n<li>Supermercados<\/li>\n<li>Mini market<\/li>\n<li>Tiendas<\/li>\n<\/ul>\n<h2>Tama\u00f1o y color disponible<\/h2>\n<p>43&#215;43 cm<br \/>\n<img decoding=\"async\" loading=\"lazy\" class=\"alignnone size-full wp-image-129\" src=\"\/wp-content\/uploads\/2015\/08\/cerabol-rojo-natural-30x30.jpg\" alt=\"cerabol-rojo-natural-30x30\" width=\"60\" height=\"60\" \/><br \/>\nRojo natural Liso<\/p>\n<h2>Principales caracter\u00edsticas<\/h2>\n<ul class=\"two-columns\">\n<li>\u2022 Anti deslizante<\/li>\n<li>\u2022 Muy baja absorci\u00f3n de agua<\/li>\n<li>\u2022 Resistente al manchado<\/li>\n<li>\u2022 Alto tr\u00e1nsito (personas)<\/li>\n<li>\u2022 Tr\u00e1fico pesado (veh\u00edculos)<\/li>\n<li>\u2022 Anti \u00e1cido<\/li>\n<\/ul>\n<p><\/p>","protected":false},"excerpt":{"rendered":"<p>Semi-gres. &nbsp; &nbsp; Aplicaciones En pisos internos y externos para uso dom\u00e9stico y comercial como: Patios Barbacoas Casas en general Supermercados Mini market Tiendas Tama\u00f1o y color disponible 43&#215;43 cm Rojo natural Liso Principales caracter\u00edsticas \u2022 Anti deslizante \u2022 Muy baja absorci\u00f3n de agua \u2022 Resistente al manchado \u2022 Alto tr\u00e1nsito (personas) \u2022 Tr\u00e1fico pesado [&hellip;]<\/p>\n","protected":false},"author":4,"featured_media":0,"parent":518,"menu_order":0,"comment_status":"open","ping_status":"closed","template":"","meta":[],"_links":{"self":[{"href":"https:\/\/www.sauro.com.uy\/es\/wp-json\/wp\/v2\/pages\/519"}],"collection":[{"href":"https:\/\/www.sauro.com.uy\/es\/wp-json\/wp\/v2\/pages"}],"about":[{"href":"https:\/\/www.sauro.com.uy\/es\/wp-json\/wp\/v2\/types\/page"}],"author":[{"embeddable":true,"href":"https:\/\/www.sauro.com.uy\/es\/wp-json\/wp\/v2\/users\/4"}],"replies":[{"embeddable":true,"href":"https:\/\/www.sauro.com.uy\/es\/wp-json\/wp\/v2\/comments?post=519"}],"version-history":[{"count":10,"href":"https:\/\/www.sauro.com.uy\/es\/wp-json\/wp\/v2\/pages\/519\/revisions"}],"predecessor-version":[{"id":942,"href":"https:\/\/www.sauro.com.uy\/es\/wp-json\/wp\/v2\/pages\/519\/revisions\/942"}],"up":[{"embeddable":true,"href":"https:\/\/www.sauro.com.uy\/es\/wp-json\/wp\/v2\/pages\/518"}],"wp:attachment":[{"href":"https:\/\/www.sauro.com.uy\/es\/wp-json\/wp\/v2\/media?parent=519"}],"curies":[{"name":"wp","href":"https:\/\/api.w.org\/{rel}","templated":true}]}}