{"id":518,"date":"2015-08-09T14:12:00","date_gmt":"2015-08-09T20:12:00","guid":{"rendered":"http:\/\/tmp.heroespoint.com\/?page_id=123"},"modified":"2021-06-19T17:52:04","modified_gmt":"2021-06-19T20:52:04","slug":"cerabol","status":"publish","type":"page","link":"https:\/\/www.sauro.com.uy\/es\/cerabol\/","title":{"rendered":"Cerabol"},"content":{"rendered":"<p><\/p>\n<h2>Historia<\/h2>\n<p><i>M\u00e1s de cinco d\u00e9cadas de tradici\u00f3n Italiana<\/i><\/p>\n<p><img decoding=\"async\" loading=\"lazy\" class=\"alignright size-full wp-image-124\" src=\"\/wp-content\/uploads\/2015\/08\/logo-cerabol.jpg\" alt=\"logo-cerabol\" width=\"283\" height=\"68\" \/>Como todas las grandes historias, CERABOL es el resultado de una gran idea combinada con a\u00f1os de esfuerzo y una clara visi\u00f3n de futuro. Corr\u00eda el a\u00f1o 1970 cuando Andrea Bruno Morino, un italiano radicado en Bolivia, decidi\u00f3 apostar por una industria que apenas empezaba a tomar forma. Hoy, Andrea es recordado como el precursor de la cer\u00e1mica mecanizada en nuestro pa\u00eds.<\/p>\n<p>De hecho, CERABOL fue la primera en producir baldosas prensadas para piso y pared. En aquel momento, la empresa contaba con dos l\u00edneas de producci\u00f3n: el piso rojo natural en piezas cuadradas de quince cent\u00edmetros y la l\u00ednea de productos esmaltados para pisos y paredes.<\/p>\n<p>Inicialmente los hornos eran de fabricaci\u00f3n local y las quemas se realizaban a le\u00f1a. Luego se adquirieron quemadores a diesel y se contaba adem\u00e1s con dos prensas manuales. La producci\u00f3n de cer\u00e1mica roja natural era de 12.000 m\u00b2 al mes y la de cer\u00e1mica esmaltada era de 10.000 m\u00b2.<\/p>\n<p>En la d\u00e9cada de los \u201980 CERABOL incorpor\u00f3 a su planta un horno t\u00fanel con capacidad productiva de 45.000 m\u00b2 por mes de piso rojo natural, adoptando el sistema de quema a gas natural. Se implementaron adem\u00e1s prensas hidr\u00e1ulicas de 500 y 550 toneladas junto con un moderno sistema de secado.<\/p>\n<p>Pero el camino de CERABOL no estuvo libre de pruebas y desaf\u00edos. Entre 1985 y 1998 el contrabando ilegal de pisos esmaltados desde el extranjero represent\u00f3 una nociva competencia desleal. La empresa decidi\u00f3 entonces paralizar su l\u00ednea de esmaltado y dedicarse exclusivamente a la fabricaci\u00f3n del piso rojo natural, optimizando los procesos y la calidad de este producto. Como resultado, este piso es reconocido hasta el d\u00eda de hoy por su alt\u00edsima calidad, resistencia y durabilidad.<\/p>\n<p>Durante los a\u00f1os siguientes, el mercado se fue formalizando y la demanda entr\u00f3 en un importante proceso de crecimiento. Adem\u00e1s, gracias a la seriedad y posicionamiento que hab\u00eda logrado la marca, los clientes exig\u00edan constantemente la oferta de pisos esmaltados. Frente a esta realidad, CERABOL se vio impulsada a asumir un nuevo desaf\u00edo.<\/p>\n<p>En 1998 la compa\u00f1\u00eda instal\u00f3 una nueva y moderna l\u00ednea de producci\u00f3n con tecnolog\u00eda italiana de punta para la fabricaci\u00f3n de cer\u00e1micas esmaltadas, con una capacidad de fabricar 100.000 m\u00b2 por mes.<\/p>\n<p>Gracias a su calidad, CERABOL traspas\u00f3 las fronteras del pa\u00eds y en el a\u00f1o 2002 inici\u00f3 la exportaci\u00f3n a mercados extranjeros como Estados Unidos, Espa\u00f1a, Per\u00fa, Chile y Uruguay.<\/p>\n<p>En el 2010 CERABOL celebr\u00f3 sus 40 a\u00f1os de vida, asumiendo el mayor desaf\u00edo de su historia: poner en marcha su segunda planta industrial, una unidad moderna y eficiente la cual fue inaugurada en abril de 2011 permitiendo duplicar la capacidad productiva y aumentar la variedad de tama\u00f1os, dise\u00f1os, tonos y estilos para acompa\u00f1ar las \u00faltimas tendencias del mercado.<\/p>\n<p>Cinco d\u00e9cadas han transcurrido desde que un hombre visionario dio el primer paso en esta trayectoria llena de logros y conquistas. Sin embargo, hoy sentimos que la historia reci\u00e9n comienza.<br \/>\n<\/p>","protected":false},"excerpt":{"rendered":"<p>Historia M\u00e1s de cinco d\u00e9cadas de tradici\u00f3n Italiana Como todas las grandes historias, CERABOL es el resultado de una gran idea combinada con a\u00f1os de esfuerzo y una clara visi\u00f3n de futuro. Corr\u00eda el a\u00f1o 1970 cuando Andrea Bruno Morino, un italiano radicado en Bolivia, decidi\u00f3 apostar por una industria que apenas empezaba a tomar [&hellip;]<\/p>\n","protected":false},"author":4,"featured_media":0,"parent":0,"menu_order":0,"comment_status":"open","ping_status":"closed","template":"","meta":[],"_links":{"self":[{"href":"https:\/\/www.sauro.com.uy\/es\/wp-json\/wp\/v2\/pages\/518"}],"collection":[{"href":"https:\/\/www.sauro.com.uy\/es\/wp-json\/wp\/v2\/pages"}],"about":[{"href":"https:\/\/www.sauro.com.uy\/es\/wp-json\/wp\/v2\/types\/page"}],"author":[{"embeddable":true,"href":"https:\/\/www.sauro.com.uy\/es\/wp-json\/wp\/v2\/users\/4"}],"replies":[{"embeddable":true,"href":"https:\/\/www.sauro.com.uy\/es\/wp-json\/wp\/v2\/comments?post=518"}],"version-history":[{"count":6,"href":"https:\/\/www.sauro.com.uy\/es\/wp-json\/wp\/v2\/pages\/518\/revisions"}],"predecessor-version":[{"id":880,"href":"https:\/\/www.sauro.com.uy\/es\/wp-json\/wp\/v2\/pages\/518\/revisions\/880"}],"wp:attachment":[{"href":"https:\/\/www.sauro.com.uy\/es\/wp-json\/wp\/v2\/media?parent=518"}],"curies":[{"name":"wp","href":"https:\/\/api.w.org\/{rel}","templated":true}]}}