{"id":519,"date":"2015-08-09T14:12:22","date_gmt":"2015-08-09T17:12:22","guid":{"rendered":"http:\/\/tmp.heroespoint.com\/?page_id=126"},"modified":"2025-05-10T16:04:04","modified_gmt":"2025-05-10T19:04:04","slug":"products","status":"publish","type":"page","link":"https:\/\/www.sauro.com.uy\/en\/cerabol\/products\/","title":{"rendered":"Products"},"content":{"rendered":"<p>&#8221; width=&#8221;477&#8243; height=&#8221;754&#8243; \/><\/a><\/h2>\n<p>En pisos internos y externos para uso dom\u00e9stico y comercial como:<\/p>\n<ul>\n<li>Patios<\/li>\n<li>Barbacoas<\/li>\n<li>Casas en general<\/li>\n<li>Supermercados<\/li>\n<li>Mini market<\/li>\n<li>Tiendas<\/li>\n<\/ul>\n<h2>Tama\u00f1o y color disponible<\/h2>\n<p>30&#215;30 cm<br \/>\n<img decoding=\"async\" loading=\"lazy\" class=\"alignnone size-full wp-image-129\" src=\"\/wp-content\/uploads\/2015\/08\/cerabol-rojo-natural-30x30.jpg\" alt=\"cerabol-rojo-natural-30x30\" width=\"60\" height=\"60\" \/><br \/>\nRojo natural, Listo y Corrugado<\/p>\n<h2>Principales caracter\u00edsticas<\/h2>\n<ul class=\"two-columns\">\n<li>\u2022 Anti deslizante<\/li>\n<li>\u2022 Muy baja absorci\u00f3n de agua<\/li>\n<li>\u2022 Resistente al manchado<\/li>\n<li>\u2022 Alto tr\u00e1nsito (personas)<\/li>\n<li>\u2022 Tr\u00e1fico pesado (veh\u00edculos)<\/li>\n<li>\u2022 Anti \u00e1cido<\/li>\n<\/ul>\n<p><a href=\"http:\/\/tmp.heroespoint.com\/wp-content\/uploads\/2015\/07\/40anos.png\"><img decoding=\"async\" loading=\"lazy\" class=\"alignnone size-full wp-image-127\" src=\"http:\/\/tmp.heroespoint.com\/wp-content\/uploads\/2015\/07\/40anos.png\" alt=\"40anos\" width=\"143\" height=\"143\" \/><span class=\"texto_arvore\">Semi Gres (Lajota) smooth and\/or corrugated<\/span><\/a><a href=\"http:\/\/tmp.heroespoint.com\/wp-content\/uploads\/2015\/07\/colocada-cerabol-rojonatural.jpg\"><img decoding=\"async\" loading=\"lazy\" class=\"alignnone size-medium wp-image-128\" src=\"http:\/\/tmp.heroespoint.com\/wp-content\/uploads\/2015\/07\/colocada-cerabol-rojonatural-232x300.jpg\" alt=\"colocada-cerabol-rojonatural\" width=\"232\" height=\"300\" \/><\/a><\/p>\n<p><span class=\"texto_texto\"><span id=\"result_box\" lang=\"en\"><span class=\"hps\">With 40<\/span> <span class=\"hps\">years warranty,<\/span> <span class=\"hps\">the technical characteristics<\/span> <span class=\"hps\">of our products<\/span> <span class=\"hps\">are backed by<\/span> <span class=\"hps\">our laboratories<\/span> <span class=\"hps\">and endorsed by testings<\/span> <span class=\"hps\">970.174<\/span><span class=\"hps\">\/CON<\/span>, <span class=\"hps\">974726<\/span><span class=\"hps\">\/<\/span><span class=\"hps\">PQAR<\/span> <span class=\"hps\">LATU<\/span> <span class=\"hps atn\">(<\/span>Technological Laboratory of <span class=\"hps\">Uruguay<\/span>).<\/span><\/span><\/p>\n<p><span class=\"texto_vermelho\"><b>Aplications<\/b><\/span><\/p>\n<p>Internal and external floors for domestic and comercial usage as:<\/p>\n<ul>\n<li class=\"firstItem\"><span class=\"texto_tabela\">Backyards<\/span><\/li>\n<li><span class=\"texto_tabela\">Houses in general<\/span><\/li>\n<li><span class=\"texto_tabela\">Supermarkets<\/span><\/li>\n<li><span class=\"texto_tabela\">Mini market<\/span><\/li>\n<li class=\"lastItem\"><span class=\"texto_tabela\">Stores<\/span><\/li>\n<\/ul>\n<p><span class=\"texto_texto\"><span class=\"texto_vermelho\"><b>Color samples<\/b><\/span><\/span><\/p>\n<table width=\"99\">\n<tbody>\n<tr>\n<td><span class=\"texto_menor\">Rojo natural<\/span><\/td>\n<\/tr>\n<tr>\n<td><a href=\"http:\/\/tmp.heroespoint.com\/wp-content\/uploads\/2015\/07\/cerabol-rojo-natural-30x30.jpg\"><img decoding=\"async\" loading=\"lazy\" class=\"alignnone size-full wp-image-129\" src=\"http:\/\/tmp.heroespoint.com\/wp-content\/uploads\/2015\/07\/cerabol-rojo-natural-30x30.jpg\" alt=\"cerabol-rojo-natural-30x30\" width=\"60\" height=\"60\" \/><\/a><\/td>\n<\/tr>\n<\/tbody>\n<\/table>\n<p><a href=\"http:\/\/tmp.heroespoint.com\/wp-content\/uploads\/2015\/12\/ic07m.jpg\"><img decoding=\"async\" loading=\"lazy\" class=\"alignnone size-full wp-image-38\" src=\"http:\/\/tmp.heroespoint.com\/wp-content\/uploads\/2015\/12\/ic07m.jpg\" alt=\"ic07m\" width=\"160\" height=\"158\" \/><\/a> <a href=\"http:\/\/tmp.heroespoint.com\/wp-content\/uploads\/2015\/12\/ic10m.jpg\"><img decoding=\"async\" loading=\"lazy\" class=\"alignnone size-full wp-image-31\" src=\"http:\/\/tmp.heroespoint.com\/wp-content\/uploads\/2015\/12\/ic10m.jpg\" alt=\"ic10m\" width=\"160\" height=\"152\" \/><\/a> <a href=\"http:\/\/tmp.heroespoint.com\/wp-content\/uploads\/2015\/12\/ic08m.jpg\"><img decoding=\"async\" loading=\"lazy\" class=\"alignnone size-full wp-image-39\" src=\"http:\/\/tmp.heroespoint.com\/wp-content\/uploads\/2015\/12\/ic08m.jpg\" alt=\"ic08m\" width=\"160\" height=\"158\" \/><\/a> <a href=\"http:\/\/tmp.heroespoint.com\/wp-content\/uploads\/2015\/12\/ic13m.jpg\"><img decoding=\"async\" loading=\"lazy\" class=\"alignnone size-full wp-image-34\" src=\"http:\/\/tmp.heroespoint.com\/wp-content\/uploads\/2015\/12\/ic13m.jpg\" alt=\"ic13m\" width=\"160\" height=\"156\" \/><\/a> <a href=\"http:\/\/tmp.heroespoint.com\/wp-content\/uploads\/2015\/12\/ic06m.jpg\"><img decoding=\"async\" loading=\"lazy\" class=\"alignnone size-full wp-image-37\" src=\"http:\/\/tmp.heroespoint.com\/wp-content\/uploads\/2015\/12\/ic06m.jpg\" alt=\"ic06m\" width=\"160\" height=\"158\" \/><\/a><\/p>","protected":false},"excerpt":{"rendered":"<p>&#8221; width=&#8221;477&#8243; height=&#8221;754&#8243; \/> En pisos internos y externos para uso dom\u00e9stico y comercial como: Patios Barbacoas Casas en general Supermercados Mini market Tiendas Tama\u00f1o y color disponible 30&#215;30 cm Rojo natural, Listo y Corrugado Principales caracter\u00edsticas \u2022 Anti deslizante \u2022 Muy baja absorci\u00f3n de agua \u2022 Resistente al manchado \u2022 Alto tr\u00e1nsito (personas) \u2022 [&hellip;]<\/p>\n","protected":false},"author":4,"featured_media":0,"parent":518,"menu_order":0,"comment_status":"open","ping_status":"closed","template":"","meta":[],"_links":{"self":[{"href":"https:\/\/www.sauro.com.uy\/en\/wp-json\/wp\/v2\/pages\/519"}],"collection":[{"href":"https:\/\/www.sauro.com.uy\/en\/wp-json\/wp\/v2\/pages"}],"about":[{"href":"https:\/\/www.sauro.com.uy\/en\/wp-json\/wp\/v2\/types\/page"}],"author":[{"embeddable":true,"href":"https:\/\/www.sauro.com.uy\/en\/wp-json\/wp\/v2\/users\/4"}],"replies":[{"embeddable":true,"href":"https:\/\/www.sauro.com.uy\/en\/wp-json\/wp\/v2\/comments?post=519"}],"version-history":[{"count":10,"href":"https:\/\/www.sauro.com.uy\/en\/wp-json\/wp\/v2\/pages\/519\/revisions"}],"predecessor-version":[{"id":942,"href":"https:\/\/www.sauro.com.uy\/en\/wp-json\/wp\/v2\/pages\/519\/revisions\/942"}],"up":[{"embeddable":true,"href":"https:\/\/www.sauro.com.uy\/en\/wp-json\/wp\/v2\/pages\/518"}],"wp:attachment":[{"href":"https:\/\/www.sauro.com.uy\/en\/wp-json\/wp\/v2\/media?parent=519"}],"curies":[{"name":"wp","href":"https:\/\/api.w.org\/{rel}","templated":true}]}}